{"id":7497,"date":"2023-03-06T16:42:35","date_gmt":"2023-03-06T16:42:35","guid":{"rendered":"https:\/\/azoresjerky.com\/product\/azores-pork-jerky-carne-seca-de-porco-100g\/"},"modified":"2025-02-13T17:15:44","modified_gmt":"2025-02-13T17:15:44","slug":"azores-pork-jerky-carne-seca-de-porco-80g","status":"publish","type":"product","link":"https:\/\/azoresjerky.com\/en\/product\/azores-pork-jerky-carne-seca-de-porco-80g\/","title":{"rendered":"Azores Pork Jerky \/ Carne Seca de Porco 80g"},"content":{"rendered":"","protected":false},"excerpt":{"rendered":"<p>Os A\u00e7ores t\u00eam uma longa hist\u00f3ria e tradi\u00e7\u00e3o com carne de porco. Matan\u00e7as do porco, porco no espeto, lingui\u00e7a, chouri\u00e7o e muito mais. Na Azores Jerky reconhecemos essas tradi\u00e7\u00f5es e cri\u00e1mos a nossa pr\u00f3pria vers\u00e3o, para trazer uma nova forma de apreciar esta carne favorita, na forma de Azores Pork Jerky \/ Carne Seca dos A\u00e7ores &#8211; Porco. Mais uma vez, juntamos sabores t\u00edpicos dos A\u00e7ores (imagine carne de porco salgada, ligeiramente fumada), com aqueles n\u00e3o t\u00e3o tradicionais (imagine o gosto de churrasco asi\u00e1tico). O resultado \u00e9 um petisco saboroso que vai querer continuar a comer vezes sem conta. Delicioso e pr\u00e1tico, n\u00e3o encontrar\u00e1 nada parecido. Um peda\u00e7o vai longe, mas n\u00e3o ficaremos surpresos se comer a embalagem toda!<\/p>\n","protected":false},"featured_media":7649,"template":"","meta":[],"product_cat":[115],"product_tag":[],"acf":[],"yoast_head":"<!-- This site is optimized with the Yoast SEO plugin v19.3 - https:\/\/yoast.com\/wordpress\/plugins\/seo\/ -->\n<title>Azores Pork Jerky \/ Carne Seca de Porco 80g - Azores Beef Jerky<\/title>\n<meta name=\"robots\" content=\"index, follow, max-snippet:-1, max-image-preview:large, max-video-preview:-1\" \/>\n<link rel=\"canonical\" href=\"https:\/\/azoresjerky.com\/en\/product\/azores-pork-jerky-carne-seca-de-porco-80g\/\" \/>\n<meta property=\"og:locale\" content=\"en_US\" \/>\n<meta property=\"og:type\" content=\"article\" \/>\n<meta property=\"og:title\" content=\"Azores Pork Jerky \/ Carne Seca de Porco 80g - Azores Beef Jerky\" \/>\n<meta property=\"og:description\" content=\"Os A\u00e7ores t\u00eam uma longa hist\u00f3ria e tradi\u00e7\u00e3o com carne de porco. Matan\u00e7as do porco, porco no espeto, lingui\u00e7a, chouri\u00e7o e muito mais. Na Azores Jerky reconhecemos essas tradi\u00e7\u00f5es e cri\u00e1mos a nossa pr\u00f3pria vers\u00e3o, para trazer uma nova forma de apreciar esta carne favorita, na forma de Azores Pork Jerky \/ Carne Seca dos A\u00e7ores - Porco. Mais uma vez, juntamos sabores t\u00edpicos dos A\u00e7ores (imagine carne de porco salgada, ligeiramente fumada), com aqueles n\u00e3o t\u00e3o tradicionais (imagine o gosto de churrasco asi\u00e1tico). O resultado \u00e9 um petisco saboroso que vai querer continuar a comer vezes sem conta. Delicioso e pr\u00e1tico, n\u00e3o encontrar\u00e1 nada parecido. Um peda\u00e7o vai longe, mas n\u00e3o ficaremos surpresos se comer a embalagem toda!\" \/>\n<meta property=\"og:url\" content=\"https:\/\/azoresjerky.com\/en\/product\/azores-pork-jerky-carne-seca-de-porco-80g\/\" \/>\n<meta property=\"og:site_name\" content=\"Azores Beef Jerky\" \/>\n<meta property=\"article:modified_time\" content=\"2025-02-13T17:15:44+00:00\" \/>\n<meta property=\"og:image\" content=\"https:\/\/azoresjerky.com\/wp-content\/uploads\/2023\/03\/azoressporkjerky-734x1024.png\" \/>\n\t<meta property=\"og:image:width\" content=\"734\" \/>\n\t<meta property=\"og:image:height\" content=\"1024\" \/>\n\t<meta property=\"og:image:type\" content=\"image\/png\" \/>\n<meta name=\"twitter:card\" content=\"summary_large_image\" \/>\n<script type=\"application\/ld+json\" class=\"yoast-schema-graph\">{\"@context\":\"https:\/\/schema.org\",\"@graph\":[{\"@type\":\"Organization\",\"@id\":\"https:\/\/azoresjerky.com\/#organization\",\"name\":\"Azores Beef Jerky\",\"url\":\"https:\/\/azoresjerky.com\/\",\"sameAs\":[],\"logo\":{\"@type\":\"ImageObject\",\"inLanguage\":\"en-US\",\"@id\":\"https:\/\/azoresjerky.com\/#\/schema\/logo\/image\/\",\"url\":\"https:\/\/azoresjerky.com\/wp-content\/uploads\/2021\/12\/logo.png\",\"contentUrl\":\"https:\/\/azoresjerky.com\/wp-content\/uploads\/2021\/12\/logo.png\",\"width\":1355,\"height\":1148,\"caption\":\"Azores Beef Jerky\"},\"image\":{\"@id\":\"https:\/\/azoresjerky.com\/#\/schema\/logo\/image\/\"}},{\"@type\":\"WebSite\",\"@id\":\"https:\/\/azoresjerky.com\/#website\",\"url\":\"https:\/\/azoresjerky.com\/\",\"name\":\"Azores Beef Jerky\",\"description\":\"Taste the Azores: Premium Free-Range, Grass-Fed Beef Jerky\",\"publisher\":{\"@id\":\"https:\/\/azoresjerky.com\/#organization\"},\"potentialAction\":[{\"@type\":\"SearchAction\",\"target\":{\"@type\":\"EntryPoint\",\"urlTemplate\":\"https:\/\/azoresjerky.com\/?s={search_term_string}\"},\"query-input\":\"required name=search_term_string\"}],\"inLanguage\":\"en-US\"},{\"@type\":\"ImageObject\",\"inLanguage\":\"en-US\",\"@id\":\"https:\/\/azoresjerky.com\/en\/product\/azores-pork-jerky-carne-seca-de-porco-80g\/#primaryimage\",\"url\":\"https:\/\/azoresjerky.com\/wp-content\/uploads\/2023\/03\/azoressporkjerky.png\",\"contentUrl\":\"https:\/\/azoresjerky.com\/wp-content\/uploads\/2023\/03\/azoressporkjerky.png\",\"width\":1506,\"height\":2102},{\"@type\":\"WebPage\",\"@id\":\"https:\/\/azoresjerky.com\/en\/product\/azores-pork-jerky-carne-seca-de-porco-80g\/\",\"url\":\"https:\/\/azoresjerky.com\/en\/product\/azores-pork-jerky-carne-seca-de-porco-80g\/\",\"name\":\"Azores Pork Jerky \/ Carne Seca de Porco 80g - Azores Beef Jerky\",\"isPartOf\":{\"@id\":\"https:\/\/azoresjerky.com\/#website\"},\"primaryImageOfPage\":{\"@id\":\"https:\/\/azoresjerky.com\/en\/product\/azores-pork-jerky-carne-seca-de-porco-80g\/#primaryimage\"},\"datePublished\":\"2023-03-06T16:42:35+00:00\",\"dateModified\":\"2025-02-13T17:15:44+00:00\",\"breadcrumb\":{\"@id\":\"https:\/\/azoresjerky.com\/en\/product\/azores-pork-jerky-carne-seca-de-porco-80g\/#breadcrumb\"},\"inLanguage\":\"en-US\",\"potentialAction\":[{\"@type\":\"ReadAction\",\"target\":[\"https:\/\/azoresjerky.com\/en\/product\/azores-pork-jerky-carne-seca-de-porco-80g\/\"]}]},{\"@type\":\"BreadcrumbList\",\"@id\":\"https:\/\/azoresjerky.com\/en\/product\/azores-pork-jerky-carne-seca-de-porco-80g\/#breadcrumb\",\"itemListElement\":[{\"@type\":\"ListItem\",\"position\":1,\"name\":\"In\u00edcio\",\"item\":\"https:\/\/azoresjerky.com\/en\/\"},{\"@type\":\"ListItem\",\"position\":2,\"name\":\"Shop\",\"item\":\"https:\/\/azoresjerky.com\/en\/beef-jerky-online-store\/\"},{\"@type\":\"ListItem\",\"position\":3,\"name\":\"Azores Pork Jerky \/ Carne Seca de Porco 80g\"}]}]}<\/script>\n<!-- \/ Yoast SEO plugin. -->","yoast_head_json":{"title":"Azores Pork Jerky \/ Carne Seca de Porco 80g - Azores Beef Jerky","robots":{"index":"index","follow":"follow","max-snippet":"max-snippet:-1","max-image-preview":"max-image-preview:large","max-video-preview":"max-video-preview:-1"},"canonical":"https:\/\/azoresjerky.com\/en\/product\/azores-pork-jerky-carne-seca-de-porco-80g\/","og_locale":"en_US","og_type":"article","og_title":"Azores Pork Jerky \/ Carne Seca de Porco 80g - Azores Beef Jerky","og_description":"Os A\u00e7ores t\u00eam uma longa hist\u00f3ria e tradi\u00e7\u00e3o com carne de porco. Matan\u00e7as do porco, porco no espeto, lingui\u00e7a, chouri\u00e7o e muito mais. Na Azores Jerky reconhecemos essas tradi\u00e7\u00f5es e cri\u00e1mos a nossa pr\u00f3pria vers\u00e3o, para trazer uma nova forma de apreciar esta carne favorita, na forma de Azores Pork Jerky \/ Carne Seca dos A\u00e7ores - Porco. Mais uma vez, juntamos sabores t\u00edpicos dos A\u00e7ores (imagine carne de porco salgada, ligeiramente fumada), com aqueles n\u00e3o t\u00e3o tradicionais (imagine o gosto de churrasco asi\u00e1tico). O resultado \u00e9 um petisco saboroso que vai querer continuar a comer vezes sem conta. Delicioso e pr\u00e1tico, n\u00e3o encontrar\u00e1 nada parecido. Um peda\u00e7o vai longe, mas n\u00e3o ficaremos surpresos se comer a embalagem toda!","og_url":"https:\/\/azoresjerky.com\/en\/product\/azores-pork-jerky-carne-seca-de-porco-80g\/","og_site_name":"Azores Beef Jerky","article_modified_time":"2025-02-13T17:15:44+00:00","og_image":[{"width":734,"height":1024,"url":"https:\/\/azoresjerky.com\/wp-content\/uploads\/2023\/03\/azoressporkjerky-734x1024.png","type":"image\/png"}],"twitter_card":"summary_large_image","schema":{"@context":"https:\/\/schema.org","@graph":[{"@type":"Organization","@id":"https:\/\/azoresjerky.com\/#organization","name":"Azores Beef Jerky","url":"https:\/\/azoresjerky.com\/","sameAs":[],"logo":{"@type":"ImageObject","inLanguage":"en-US","@id":"https:\/\/azoresjerky.com\/#\/schema\/logo\/image\/","url":"https:\/\/azoresjerky.com\/wp-content\/uploads\/2021\/12\/logo.png","contentUrl":"https:\/\/azoresjerky.com\/wp-content\/uploads\/2021\/12\/logo.png","width":1355,"height":1148,"caption":"Azores Beef Jerky"},"image":{"@id":"https:\/\/azoresjerky.com\/#\/schema\/logo\/image\/"}},{"@type":"WebSite","@id":"https:\/\/azoresjerky.com\/#website","url":"https:\/\/azoresjerky.com\/","name":"Azores Beef Jerky","description":"Taste the Azores: Premium Free-Range, Grass-Fed Beef Jerky","publisher":{"@id":"https:\/\/azoresjerky.com\/#organization"},"potentialAction":[{"@type":"SearchAction","target":{"@type":"EntryPoint","urlTemplate":"https:\/\/azoresjerky.com\/?s={search_term_string}"},"query-input":"required name=search_term_string"}],"inLanguage":"en-US"},{"@type":"ImageObject","inLanguage":"en-US","@id":"https:\/\/azoresjerky.com\/en\/product\/azores-pork-jerky-carne-seca-de-porco-80g\/#primaryimage","url":"https:\/\/azoresjerky.com\/wp-content\/uploads\/2023\/03\/azoressporkjerky.png","contentUrl":"https:\/\/azoresjerky.com\/wp-content\/uploads\/2023\/03\/azoressporkjerky.png","width":1506,"height":2102},{"@type":"WebPage","@id":"https:\/\/azoresjerky.com\/en\/product\/azores-pork-jerky-carne-seca-de-porco-80g\/","url":"https:\/\/azoresjerky.com\/en\/product\/azores-pork-jerky-carne-seca-de-porco-80g\/","name":"Azores Pork Jerky \/ Carne Seca de Porco 80g - Azores Beef Jerky","isPartOf":{"@id":"https:\/\/azoresjerky.com\/#website"},"primaryImageOfPage":{"@id":"https:\/\/azoresjerky.com\/en\/product\/azores-pork-jerky-carne-seca-de-porco-80g\/#primaryimage"},"datePublished":"2023-03-06T16:42:35+00:00","dateModified":"2025-02-13T17:15:44+00:00","breadcrumb":{"@id":"https:\/\/azoresjerky.com\/en\/product\/azores-pork-jerky-carne-seca-de-porco-80g\/#breadcrumb"},"inLanguage":"en-US","potentialAction":[{"@type":"ReadAction","target":["https:\/\/azoresjerky.com\/en\/product\/azores-pork-jerky-carne-seca-de-porco-80g\/"]}]},{"@type":"BreadcrumbList","@id":"https:\/\/azoresjerky.com\/en\/product\/azores-pork-jerky-carne-seca-de-porco-80g\/#breadcrumb","itemListElement":[{"@type":"ListItem","position":1,"name":"In\u00edcio","item":"https:\/\/azoresjerky.com\/en\/"},{"@type":"ListItem","position":2,"name":"Shop","item":"https:\/\/azoresjerky.com\/en\/beef-jerky-online-store\/"},{"@type":"ListItem","position":3,"name":"Azores Pork Jerky \/ Carne Seca de Porco 80g"}]}]}},"_links":{"self":[{"href":"https:\/\/azoresjerky.com\/en\/wp-json\/wp\/v2\/product\/7497"}],"collection":[{"href":"https:\/\/azoresjerky.com\/en\/wp-json\/wp\/v2\/product"}],"about":[{"href":"https:\/\/azoresjerky.com\/en\/wp-json\/wp\/v2\/types\/product"}],"wp:featuredmedia":[{"embeddable":true,"href":"https:\/\/azoresjerky.com\/en\/wp-json\/wp\/v2\/media\/7649"}],"wp:attachment":[{"href":"https:\/\/azoresjerky.com\/en\/wp-json\/wp\/v2\/media?parent=7497"}],"wp:term":[{"taxonomy":"product_cat","embeddable":true,"href":"https:\/\/azoresjerky.com\/en\/wp-json\/wp\/v2\/product_cat?post=7497"},{"taxonomy":"product_tag","embeddable":true,"href":"https:\/\/azoresjerky.com\/en\/wp-json\/wp\/v2\/product_tag?post=7497"}],"curies":[{"name":"wp","href":"https:\/\/api.w.org\/{rel}","templated":true}]}}