{"id":6647,"date":"2022-07-26T12:59:07","date_gmt":"2022-07-26T12:59:07","guid":{"rendered":"http:\/\/azoresjerky.com\/product\/azores-beef-jerky-original-80g\/"},"modified":"2024-01-18T18:03:36","modified_gmt":"2024-01-18T18:03:36","slug":"azores-beef-jerky-original-80g","status":"publish","type":"product","link":"https:\/\/azoresjerky.com\/de\/product\/azores-beef-jerky-original-80g\/","title":{"rendered":"Azores Beef Jerky &#8211; Original &#8211; 80g"},"content":{"rendered":"","protected":false},"excerpt":{"rendered":"<p>Azores Beef Jerky Original ist ein wenig rauchig und ein wenig s\u00fc\u00df und ein herzhafter und n\u00e4hrstoffreicher Snack, der Ihren Gaumen zufrieden stellt und Ihnen die Energie gibt, die Sie brauchen. Es schmeckt so gut, dass Sie schw\u00f6ren werden, dass es nicht gut f\u00fcr Sie sein muss. (Spoiler-Alarm \u2013 das ist es!) Unser Rindfleisch stammt von K\u00fchen, die frei auf den gr\u00fcnen Weiden der Azoren herumlaufen und die Sonne und die frische, saubere Luft des Archipels genie\u00dfen. Es ist die perfekte Wahl f\u00fcr Snacks f\u00fcr unterwegs oder sogar, um sich zur\u00fcckzulehnen und das Spiel mit Freunden anzusehen. Ein St\u00fcck reicht weit, obwohl wir nicht \u00fcberrascht sein werden, wenn Sie die ganze T\u00fcte essen!<\/p>\n","protected":false},"featured_media":7661,"template":"","meta":[],"product_cat":[116],"product_tag":[],"acf":[],"yoast_head":"<!-- This site is optimized with the Yoast SEO plugin v19.3 - https:\/\/yoast.com\/wordpress\/plugins\/seo\/ -->\n<title>Azores Beef Jerky - Original - 80g - Azores Jerky<\/title>\n<meta name=\"robots\" content=\"index, follow, max-snippet:-1, max-image-preview:large, max-video-preview:-1\" \/>\n<link rel=\"canonical\" href=\"https:\/\/azoresjerky.com\/de\/product\/azores-beef-jerky-original-80g\/\" \/>\n<meta property=\"og:locale\" content=\"de_DE\" \/>\n<meta property=\"og:type\" content=\"article\" \/>\n<meta property=\"og:title\" content=\"Azores Beef Jerky - Original - 80g - Azores Jerky\" \/>\n<meta property=\"og:description\" content=\"Azores Beef Jerky Original ist ein wenig rauchig und ein wenig s\u00fc\u00df und ein herzhafter und n\u00e4hrstoffreicher Snack, der Ihren Gaumen zufrieden stellt und Ihnen die Energie gibt, die Sie brauchen. Es schmeckt so gut, dass Sie schw\u00f6ren werden, dass es nicht gut f\u00fcr Sie sein muss. (Spoiler-Alarm \u2013 das ist es!) Unser Rindfleisch stammt von K\u00fchen, die frei auf den gr\u00fcnen Weiden der Azoren herumlaufen und die Sonne und die frische, saubere Luft des Archipels genie\u00dfen. Es ist die perfekte Wahl f\u00fcr Snacks f\u00fcr unterwegs oder sogar, um sich zur\u00fcckzulehnen und das Spiel mit Freunden anzusehen. Ein St\u00fcck reicht weit, obwohl wir nicht \u00fcberrascht sein werden, wenn Sie die ganze T\u00fcte essen!\" \/>\n<meta property=\"og:url\" content=\"https:\/\/azoresjerky.com\/de\/product\/azores-beef-jerky-original-80g\/\" \/>\n<meta property=\"og:site_name\" content=\"Azores Jerky\" \/>\n<meta property=\"article:modified_time\" content=\"2024-01-18T18:03:36+00:00\" \/>\n<meta property=\"og:image\" content=\"https:\/\/azoresjerky.com\/wp-content\/uploads\/2022\/07\/1.png\" \/>\n\t<meta property=\"og:image:width\" content=\"300\" \/>\n\t<meta property=\"og:image:height\" content=\"419\" \/>\n\t<meta property=\"og:image:type\" content=\"image\/png\" \/>\n<meta name=\"twitter:card\" content=\"summary_large_image\" \/>\n<script type=\"application\/ld+json\" class=\"yoast-schema-graph\">{\"@context\":\"https:\/\/schema.org\",\"@graph\":[{\"@type\":\"Organization\",\"@id\":\"https:\/\/azoresjerky.com\/#organization\",\"name\":\"Azores Jerky\",\"url\":\"https:\/\/azoresjerky.com\/\",\"sameAs\":[],\"logo\":{\"@type\":\"ImageObject\",\"inLanguage\":\"de-DE\",\"@id\":\"https:\/\/azoresjerky.com\/#\/schema\/logo\/image\/\",\"url\":\"https:\/\/azoresjerky.com\/wp-content\/uploads\/2021\/12\/logo.png\",\"contentUrl\":\"https:\/\/azoresjerky.com\/wp-content\/uploads\/2021\/12\/logo.png\",\"width\":1355,\"height\":1148,\"caption\":\"Azores Jerky\"},\"image\":{\"@id\":\"https:\/\/azoresjerky.com\/#\/schema\/logo\/image\/\"}},{\"@type\":\"WebSite\",\"@id\":\"https:\/\/azoresjerky.com\/#website\",\"url\":\"https:\/\/azoresjerky.com\/\",\"name\":\"Azores Jerky\",\"description\":\"Carne seca dos A\u00e7ores, S\u00e3o Roque do Pico - Pico\",\"publisher\":{\"@id\":\"https:\/\/azoresjerky.com\/#organization\"},\"potentialAction\":[{\"@type\":\"SearchAction\",\"target\":{\"@type\":\"EntryPoint\",\"urlTemplate\":\"https:\/\/azoresjerky.com\/?s={search_term_string}\"},\"query-input\":\"required name=search_term_string\"}],\"inLanguage\":\"de-DE\"},{\"@type\":\"ImageObject\",\"inLanguage\":\"de-DE\",\"@id\":\"https:\/\/azoresjerky.com\/de\/product\/azores-beef-jerky-original-80g\/#primaryimage\",\"url\":\"https:\/\/azoresjerky.com\/wp-content\/uploads\/2022\/07\/1.png\",\"contentUrl\":\"https:\/\/azoresjerky.com\/wp-content\/uploads\/2022\/07\/1.png\",\"width\":300,\"height\":419},{\"@type\":\"WebPage\",\"@id\":\"https:\/\/azoresjerky.com\/de\/product\/azores-beef-jerky-original-80g\/\",\"url\":\"https:\/\/azoresjerky.com\/de\/product\/azores-beef-jerky-original-80g\/\",\"name\":\"Azores Beef Jerky - Original - 80g - Azores Jerky\",\"isPartOf\":{\"@id\":\"https:\/\/azoresjerky.com\/#website\"},\"primaryImageOfPage\":{\"@id\":\"https:\/\/azoresjerky.com\/de\/product\/azores-beef-jerky-original-80g\/#primaryimage\"},\"datePublished\":\"2022-07-26T12:59:07+00:00\",\"dateModified\":\"2024-01-18T18:03:36+00:00\",\"breadcrumb\":{\"@id\":\"https:\/\/azoresjerky.com\/de\/product\/azores-beef-jerky-original-80g\/#breadcrumb\"},\"inLanguage\":\"de-DE\",\"potentialAction\":[{\"@type\":\"ReadAction\",\"target\":[\"https:\/\/azoresjerky.com\/de\/product\/azores-beef-jerky-original-80g\/\"]}]},{\"@type\":\"BreadcrumbList\",\"@id\":\"https:\/\/azoresjerky.com\/de\/product\/azores-beef-jerky-original-80g\/#breadcrumb\",\"itemListElement\":[{\"@type\":\"ListItem\",\"position\":1,\"name\":\"In\u00edcio\",\"item\":\"https:\/\/azoresjerky.com\/de\/\"},{\"@type\":\"ListItem\",\"position\":2,\"name\":\"Gesch\u00e4ft\",\"item\":\"https:\/\/azoresjerky.com\/de\/geschaeft\/\"},{\"@type\":\"ListItem\",\"position\":3,\"name\":\"Azores Beef Jerky &#8211; Original &#8211; 80g\"}]}]}<\/script>\n<!-- \/ Yoast SEO plugin. -->","yoast_head_json":{"title":"Azores Beef Jerky - Original - 80g - Azores Jerky","robots":{"index":"index","follow":"follow","max-snippet":"max-snippet:-1","max-image-preview":"max-image-preview:large","max-video-preview":"max-video-preview:-1"},"canonical":"https:\/\/azoresjerky.com\/de\/product\/azores-beef-jerky-original-80g\/","og_locale":"de_DE","og_type":"article","og_title":"Azores Beef Jerky - Original - 80g - Azores Jerky","og_description":"Azores Beef Jerky Original ist ein wenig rauchig und ein wenig s\u00fc\u00df und ein herzhafter und n\u00e4hrstoffreicher Snack, der Ihren Gaumen zufrieden stellt und Ihnen die Energie gibt, die Sie brauchen. Es schmeckt so gut, dass Sie schw\u00f6ren werden, dass es nicht gut f\u00fcr Sie sein muss. (Spoiler-Alarm \u2013 das ist es!) Unser Rindfleisch stammt von K\u00fchen, die frei auf den gr\u00fcnen Weiden der Azoren herumlaufen und die Sonne und die frische, saubere Luft des Archipels genie\u00dfen. Es ist die perfekte Wahl f\u00fcr Snacks f\u00fcr unterwegs oder sogar, um sich zur\u00fcckzulehnen und das Spiel mit Freunden anzusehen. Ein St\u00fcck reicht weit, obwohl wir nicht \u00fcberrascht sein werden, wenn Sie die ganze T\u00fcte essen!","og_url":"https:\/\/azoresjerky.com\/de\/product\/azores-beef-jerky-original-80g\/","og_site_name":"Azores Jerky","article_modified_time":"2024-01-18T18:03:36+00:00","og_image":[{"width":300,"height":419,"url":"https:\/\/azoresjerky.com\/wp-content\/uploads\/2022\/07\/1.png","type":"image\/png"}],"twitter_card":"summary_large_image","schema":{"@context":"https:\/\/schema.org","@graph":[{"@type":"Organization","@id":"https:\/\/azoresjerky.com\/#organization","name":"Azores Jerky","url":"https:\/\/azoresjerky.com\/","sameAs":[],"logo":{"@type":"ImageObject","inLanguage":"de-DE","@id":"https:\/\/azoresjerky.com\/#\/schema\/logo\/image\/","url":"https:\/\/azoresjerky.com\/wp-content\/uploads\/2021\/12\/logo.png","contentUrl":"https:\/\/azoresjerky.com\/wp-content\/uploads\/2021\/12\/logo.png","width":1355,"height":1148,"caption":"Azores Jerky"},"image":{"@id":"https:\/\/azoresjerky.com\/#\/schema\/logo\/image\/"}},{"@type":"WebSite","@id":"https:\/\/azoresjerky.com\/#website","url":"https:\/\/azoresjerky.com\/","name":"Azores Jerky","description":"Carne seca dos A\u00e7ores, S\u00e3o Roque do Pico - Pico","publisher":{"@id":"https:\/\/azoresjerky.com\/#organization"},"potentialAction":[{"@type":"SearchAction","target":{"@type":"EntryPoint","urlTemplate":"https:\/\/azoresjerky.com\/?s={search_term_string}"},"query-input":"required name=search_term_string"}],"inLanguage":"de-DE"},{"@type":"ImageObject","inLanguage":"de-DE","@id":"https:\/\/azoresjerky.com\/de\/product\/azores-beef-jerky-original-80g\/#primaryimage","url":"https:\/\/azoresjerky.com\/wp-content\/uploads\/2022\/07\/1.png","contentUrl":"https:\/\/azoresjerky.com\/wp-content\/uploads\/2022\/07\/1.png","width":300,"height":419},{"@type":"WebPage","@id":"https:\/\/azoresjerky.com\/de\/product\/azores-beef-jerky-original-80g\/","url":"https:\/\/azoresjerky.com\/de\/product\/azores-beef-jerky-original-80g\/","name":"Azores Beef Jerky - Original - 80g - Azores Jerky","isPartOf":{"@id":"https:\/\/azoresjerky.com\/#website"},"primaryImageOfPage":{"@id":"https:\/\/azoresjerky.com\/de\/product\/azores-beef-jerky-original-80g\/#primaryimage"},"datePublished":"2022-07-26T12:59:07+00:00","dateModified":"2024-01-18T18:03:36+00:00","breadcrumb":{"@id":"https:\/\/azoresjerky.com\/de\/product\/azores-beef-jerky-original-80g\/#breadcrumb"},"inLanguage":"de-DE","potentialAction":[{"@type":"ReadAction","target":["https:\/\/azoresjerky.com\/de\/product\/azores-beef-jerky-original-80g\/"]}]},{"@type":"BreadcrumbList","@id":"https:\/\/azoresjerky.com\/de\/product\/azores-beef-jerky-original-80g\/#breadcrumb","itemListElement":[{"@type":"ListItem","position":1,"name":"In\u00edcio","item":"https:\/\/azoresjerky.com\/de\/"},{"@type":"ListItem","position":2,"name":"Gesch\u00e4ft","item":"https:\/\/azoresjerky.com\/de\/geschaeft\/"},{"@type":"ListItem","position":3,"name":"Azores Beef Jerky &#8211; Original &#8211; 80g"}]}]}},"_links":{"self":[{"href":"https:\/\/azoresjerky.com\/de\/wp-json\/wp\/v2\/product\/6647"}],"collection":[{"href":"https:\/\/azoresjerky.com\/de\/wp-json\/wp\/v2\/product"}],"about":[{"href":"https:\/\/azoresjerky.com\/de\/wp-json\/wp\/v2\/types\/product"}],"wp:featuredmedia":[{"embeddable":true,"href":"https:\/\/azoresjerky.com\/de\/wp-json\/wp\/v2\/media\/7661"}],"wp:attachment":[{"href":"https:\/\/azoresjerky.com\/de\/wp-json\/wp\/v2\/media?parent=6647"}],"wp:term":[{"taxonomy":"product_cat","embeddable":true,"href":"https:\/\/azoresjerky.com\/de\/wp-json\/wp\/v2\/product_cat?post=6647"},{"taxonomy":"product_tag","embeddable":true,"href":"https:\/\/azoresjerky.com\/de\/wp-json\/wp\/v2\/product_tag?post=6647"}],"curies":[{"name":"wp","href":"https:\/\/api.w.org\/{rel}","templated":true}]}}