{"id":5829,"date":"2021-12-13T10:11:50","date_gmt":"2021-12-13T10:11:50","guid":{"rendered":"http:\/\/azoresjerky.com\/termos-e-condicoes\/"},"modified":"2022-09-27T16:20:21","modified_gmt":"2022-09-27T16:20:21","slug":"geschaeftsbedingungen","status":"publish","type":"page","link":"https:\/\/azoresjerky.com\/de\/geschaeftsbedingungen\/","title":{"rendered":"Gesch\u00e4ftsbedingungen"},"content":{"rendered":"<p>[vc_row][vc_column][vc_column_text]<\/p>\r\n<p><strong>Allgemeine Bedingungen<\/strong><\/p>\r\n<p>Gesch\u00e4ftsbedingungen<\/p>\r\n<ol>\r\n<li>Alle &#8222;Allgemeinen Gesch\u00e4ftsbedingungen&#8220; des Online-Shops.www.azoresjerky.com der Firma Seaterra Lda., mit Sitz in Rua Zona Industrial de St. Ant\u00f3nio, Picongel, Armaz\u00e9m C, 9940-203 S\u00e3o Roque do Pico, juristische Person Nr. 516237357, die auch Ihre Registrierungsnummer beim Handelsregisteramt von Pico gilt f\u00fcr alle auf dieser Website bestellten Ger\u00e4te\/Hersteller\/Dienstleistungen.<\/li>\r\n<li>Der Kunde muss die \u201eAGB\u201c bei jedem Zugriff auf die Website sorgf\u00e4ltig lesen.<\/li>\r\n<\/ol>\r\n<p>Produkte und Preise<\/p>\r\n<ol start=\"3\">\r\n<li>Das Unternehmen Seaterra Lda bietet \u00fcber seinen Online-Shop eine breite Produktpalette zum Verkauf an.<\/li>\r\n<li>Das Angebot f\u00fcr jedes der Produkte ist auf den vorhandenen Lagerbestand beschr\u00e4nkt.<\/li>\r\n<li>Das Unternehmen beh\u00e4lt sich das Recht vor, jederzeit und ohne vorherige Ank\u00fcndigung die verf\u00fcgbaren Produkte, ihre Preise und die angegebenen Bedingungen zu ersetzen oder zu \u00e4ndern.<\/li>\r\n<li>Wenn der Kunde weiterhin auf die Website zugreift, wird davon ausgegangen, dass er die \u00c4nderungen akzeptiert.<\/li>\r\n<li>Alle Preise beinhalten die gesetzliche Mehrwertsteuer in der Autonomen Region der Azoren.<\/li>\r\n<li>Preise werden immer in Euro angegeben.<\/li>\r\n<li>Die gezeigten Bilder stimmen m\u00f6glicherweise nicht genau mit dem gezeigten Produkt \u00fcberein. Die abgebildeten Farben k\u00f6nnen aus technischen Gr\u00fcnden auch geringf\u00fcgig von den tats\u00e4chlichen Farben abweichen.<\/li>\r\n<li>In ganz besonderen F\u00e4llen k\u00f6nnen die Beschreibungen fehlerhaft sein und daher sollte auch die Beschreibung des Herstellers zu Rate gezogen werden.<\/li>\r\n<li>Die Produkte &#8222;auf Bestellung&#8220; dauern im Durchschnitt bis zu zwei Wochen, aber es gibt bestimmte Produkte oder Produkte, die aufgrund von Nichtvorr\u00e4ten l\u00e4nger dauern k\u00f6nnen.<\/li>\r\n<li>Preise und Spezifikationen k\u00f6nnen ohne vorherige Ank\u00fcndigung ge\u00e4ndert werden.<\/li>\r\n<li>Das Unternehmen lehnt jede Verantwortung f\u00fcr Fehler ab, die auf der Website ver\u00f6ffentlicht werden.<\/li>\r\n<li>Das Gewicht der einzelnen Produkte entspricht nicht dem korrekten Wert, sondern dem ungef\u00e4hren Wert.<\/li>\r\n<\/ol>\r\n<p>Bestellungen bestellen<\/p>\r\n<ol start=\"15\">\r\n<li>Bestellungen im Online-Shop k\u00f6nnen 24 Stunden am Tag, 7 Tage die Woche erfolgen, au\u00dfer in F\u00e4llen h\u00f6herer Gewalt.<\/li>\r\n<li>W\u00e4hrend Sie im Online-Shop surfen, k\u00f6nnen Sie ihn durch Klicken auf die Schaltfl\u00e4che \u201eKaufen\u201c in den Warenkorb legen.<\/li>\r\n<li>Wenn Sie die Auswahl der Produkte abgeschlossen haben, k\u00f6nnen Sie oben auf der Website die Option \u201ex Produkte\u201c \/ \u201eWarenkorb\u201c ausw\u00e4hlen, um den Kauf zu t\u00e4tigen und abzuschlie\u00dfen.<\/li>\r\n<li>Im Feld &#8222;Versand&#8220; k\u00f6nnen Sie eine Umfrage in unserem Gesch\u00e4ft in Pico in Rua Zona Industrial de St. Ant\u00f3nio, Picongel, Armaz\u00e9m C, 9940-203 S\u00e3o Roque do Pico durchf\u00fchren.<\/li>\r\n<\/ol>\r\n<p>18.1 Wir liefern an das portugiesische Festland, die Azoren und die Inseln Madeira.<\/p>\r\n<p>18.2 Bei Abholung in der Filiale Ponta Delgada fallen keine Versandkosten an.<\/p>\r\n<ol start=\"19\">\r\n<li>Es werden nur Bestellungen akzeptiert, deren Lieferungen auf dem portugiesischen Festland und in den Autonomen Regionen Madeira und den Azoren erfolgen.<\/li>\r\n<li>Best\u00e4tigen Sie nach Eingabe Ihrer pers\u00f6nlichen Daten auch Ihre Absicht, die Bestellung aufzugeben.<\/li>\r\n<li>Sobald die Best\u00e4tigung erfolgt ist, wird die Bestellung bearbeitet und kann nicht storniert werden, mit Ausnahme des Widerrufsrechts gem\u00e4\u00df den Bedingungen der Punkte 31 bis 35.<\/li>\r\n<li>Ihre Bestellung wird nicht angenommen und der Vertrag kommt erst dann zustande, wenn Sie per E-Mail die Best\u00e4tigung der Annahme der Bestellung erhalten und die Zahlung daf\u00fcr geleistet haben.<\/li>\r\n<\/ol>\r\n<p>23. Die Zahlung muss zum Zeitpunkt der Auftragsbest\u00e4tigung erfolgen.<\/p>\r\n<p>Akzeptierte Zahlungsmethoden sind: PayPal, Bankomatreferenz, MB Way oder Bank\u00fcberweisung;<\/p>\r\n<p>Paketzustellung<\/p>\r\n<ol start=\"24\">\r\n<li>Die Lieferung der Bestellung erfolgt per Kurier (ctt, Spedition, ems oder sonstiger Dienst).<\/li>\r\n<li>Die Versandfrist betr\u00e4gt grunds\u00e4tzlich bis zu 48 Stunden an Werktagen ab dem Datum des Eingangs und der Zahlungsbest\u00e4tigung der Bestellung durch das Unternehmen, mit Ausnahme von Lagerengp\u00e4ssen, in denen eine alternative Versandfrist vorgeschlagen wird.<\/li>\r\n<li>Wird an der angegebenen Adresse niemand angetroffen, verbleibt die Bestellung bei der ctt-Station oder dem Spediteur im oben genannten Adressbereich f\u00fcr 3 Werktage und wird danach an das Unternehmen zur\u00fcckgesandt. Nach Ablauf dieser Frist geht die Ware an pcbem zur\u00fcck und es wird sp\u00e4ter eine neue Lieferung terminiert, die vom Kunden bezahlt wird.<\/li>\r\n<\/ol>\r\n<p>Garantie<\/p>\r\n<ol start=\"27\">\r\n<li>Produkte, die im Online-Shop gekauft wurden, haben eine zweij\u00e4hrige Garantie, sofern nicht ausdr\u00fccklich anders angegeben.<\/li>\r\n<li>Um von dieser Garantie zu profitieren, muss der Kunde die Rechnung als Kaufbeleg aufbewahren.<\/li>\r\n<li>Das Unternehmen ist nur ein Wiederverk\u00e4ufer. Alle von der Firma vertriebenen Produkte werden nicht von uns hergestellt. Wir geben an unsere Kunden alle Herstellergarantien f\u00fcr maximal 2 Jahre weiter.<\/li>\r\n<li>Falls Sie Schwierigkeiten bei der Installation\/Verwendung eines Produkts haben, stellen Sie zun\u00e4chst sicher, dass Sie die folgenden Schritte ausf\u00fchren.<\/li>\r\n<\/ol>\r\n<p>Gehen Sie alle Anweisungen in den Bedienungsanleitungen des Herstellers durch. Wenn das Problem weiterhin besteht, wenden Sie sich direkt an den Hersteller oder unser Unternehmen.<\/p>\r\n<p>\u2013 Wir tun unser Bestes, um Ihr Produkt so schnell wie m\u00f6glich auszutauschen, aber die L\u00f6sungszeit liegt nicht nur an uns. Alle Produkte, die unsere Einrichtungen betreten, werden innerhalb von maximal 48 Stunden getestet und versandt. Danach liegt es in der Verantwortung der Hersteller und Lieferanten.<\/p>\r\n<p>\u2013 Bei eingestellten Produkten kann der Umtausch gegen ein gleichwertiges oder h\u00f6herwertiges, derzeit im Angebot befindliches Produkt erfolgen, dieser Umtausch liegt jedoch in der Verantwortung des Lieferanten oder Herstellers, wenn dies nicht m\u00f6glich ist, kann der Wert erstattet werden.<\/p>\r\n<p>&nbsp;<\/p>\r\n<p>Vertragsbeendigung und R\u00fcckgabe<\/p>\r\n<ol start=\"31\">\r\n<li>Der Kunde hat das Recht, den Kauf zu stornieren, wenn er sein Produkt nicht innerhalb von maximal 30 Tagen erh\u00e4lt und der Versand zu Lasten des Kunden geht.<\/li>\r\n<li>Der Kunde hat nach dem Gesetz das Recht, den Vertrag zu k\u00fcndigen, der durch eingeschriebenen Brief mit R\u00fcckschein innerhalb einer Frist von h\u00f6chstens 14 Tagen ab dem Datum des Eingangs der Bestellung an die folgende Adresse ausge\u00fcbt werden muss: : Rua Zona Industrial de St. Ant\u00f3nio, Picongel, Armaz\u00e9m C, 9940-203 S\u00e3o Roque do Pico<\/li>\r\n<\/ol>\r\n<p>Mit anderen Worten:<\/p>\r\n<p>Die Bedenkzeit f\u00fcr Fernk\u00e4ufer, in der sie die gekaufte Ware zur\u00fcckgeben k\u00f6nnen, betr\u00e4gt nun f\u00fcr die gesamte Europ\u00e4ische Union 14 Tage (Gesetz).<\/p>\r\n<p>Die R\u00fccksendekosten gehen zu Lasten des Kunden.<\/p>\r\n<ol start=\"33\">\r\n<li>Im Falle einer Vertragsaufl\u00f6sung hat der Kunde eine maximale Frist von 30 Tagen, gerechnet ab dem Datum des Eingangs der Bestellung, um das\/die gekaufte(n) Produkt(e) an die oben genannte Adresse an das Unternehmen zur\u00fcckzusenden (s) in ausgezeichnetem Zustand, zusammen mit einer Kopie der Verkaufsrechnung und dem Dokument, das den Eingang der Bestellung best\u00e4tigt.<\/li>\r\n<li>Nach Erhalt der zur\u00fcckgesendeten Bestellung und aller im vorherigen Punkt genannten Dokumente erstattet das Unternehmen, vorzugsweise mit der gleichen Zahlungsmethode, innerhalb von maximal 14 Tagen die vom Kunden gezahlten Betr\u00e4ge ohne jegliche Kosten f\u00fcr den Kunden, ausgenommen ggf. Versandkosten, au\u00dfer wie im folgenden Punkt geregelt.<\/li>\r\n<\/ol>\r\n<p>Bedingungen des kostenlosen Widerrufsrechts f\u00fcr Produkte:<\/p>\r\n<p>&nbsp;<\/p>\r\n<p>1 &#8211; B\u00fccher im Originalzustand;<\/p>\r\n<p>2 &#8211; Filme, TV und Musik: CD, DVD, Vinyl usw. mit unge\u00f6ffneter Verpackung und Siegel intakt;<\/p>\r\n<p>3 &#8211; Software und Videospiele mit unge\u00f6ffneter Verpackung und intakten Siegeln;<\/p>\r\n<p>4 &#8211; Elektronik (TV, Audio, Video, IT, GPS usw.) mit Produkten ohne Anzeichen von Missbrauch. R\u00fcckgabe des kompletten Produkts mit allen Komponenten und Zubeh\u00f6r, Bedienungsanleitung und Originalverpackung in einwandfreiem Zustand;<\/p>\r\n<p>5 &#8211; Kleidung, Schuhe und Accessoires im Originalzustand und mit allen Verpackungen und Etiketten;<\/p>\r\n<p>6- Andere Produkte ohne Anzeichen von Missbrauch. R\u00fcckgabe des kompletten Produkts mit allen Komponenten und Zubeh\u00f6r, Bedienungsanleitung und Originalverpackung in einwandfreiem Zustand;<\/p>\r\n<p>&nbsp;<\/p>\r\n<p>Der Verbraucher verliert das Recht zum kostenlosen Widerruf, wenn die vorstehenden Bedingungen nicht best\u00e4tigt werden.<\/p>\r\n<ol start=\"35\">\r\n<li>Verbraucherstreitigkeiten<\/li>\r\n<\/ol>\r\n<p>Die Europ\u00e4ische Union hat eine Website eingerichtet, um Verbraucher bei der Einreichung von Beschwerden \u00fcber Rechtsstreitigkeiten, in die sie verwickelt sind, zu unterst\u00fctzen. In diesem Zusammenhang stellt das UNTERNEHMEN alle Informationen zur Verf\u00fcgung, damit Sie Ihr Recht auf Beschwerde bei einer offiziellen, dritten und unparteiischen Stelle des Verfahrens aus\u00fcben k\u00f6nnen. Wenn Sie also mit dem Kauf einer Ware oder Dienstleistung auf unserer Website oder mit der von uns vorgestellten L\u00f6sung zur Behebung der Situation unzufrieden sind, k\u00f6nnen Sie auf diese offizielle Website https:\/\/ec.europa.eu\/consumers\/odr und . zugreifen stellen Sie Ihre Herausforderung.<\/p>\r\n<ol start=\"36\">\r\n<li>Alle beim Zugriff auf den Online-Shop versandten elektronischen Nachrichten, einschlie\u00dflich E-Mails und Nachrichten \u00fcber einen Internetbrowser, gelten im Sinne des anwendbaren Rechts als Vertragserkl\u00e4rungen.<\/li>\r\n<li>Die alternative Streitbeilegung bietet allen Verbrauchern die M\u00f6glichkeit, sich an offizielle Stellen zu wenden, die ihnen bei der Beilegung oder Orientierung von Konflikten helfen, bevor sie streitige Verfahren vor Gericht er\u00f6ffnen. In der Regel ist das Verfahren wie folgt: Der Kunde bittet einen unparteiischen Dritten, als Vermittler zwischen ihm und dem H\u00e4ndler, der das Ziel seiner Beschwerde ist, zu fungieren. Der Vermittler kann eine L\u00f6sung f\u00fcr Ihre Beschwerde vorschlagen, beiden Parteien eine L\u00f6sung aufzwingen oder die Parteien zusammenbringen, um eine L\u00f6sung zu finden.<\/li>\r\n<\/ol>\r\n<p>Vielleicht kennen Sie den Begriff der alternativen Streitbeilegung unter einem anderen Namen: \u201eMediation\u201c, \u201eSchlichtung\u201c, \u201eSchlichtung\u201c oder \u201ezust\u00e4ndiges Gremium im Rahmen von Verbraucherstreitigkeiten\u201c.<\/p>\r\n<p>Alternative Streitbeilegung ist in der Regel kosteng\u00fcnstiger, weniger formell und schneller als der Rechtsweg.<\/p>\r\n<ol start=\"38\">\r\n<li>Vorschl\u00e4ge von alternativen Streitbeilegungsstellen:<\/li>\r\n<\/ol>\r\n<p>Cniacc \u2013 Nationales Zentrum f\u00fcr Information und Schlichtung von Verbraucherstreitigkeiten<\/p>\r\n<p><a href=\"https:\/\/www.cniacc.pt\/pt\/\">https:\/\/www.cniacc.pt\/pt\/<\/a><\/p>\r\n<p>Lissabon-Schlichtungszentrum f\u00fcr Verbraucherkonflikte<\/p>\r\n<p><a href=\"http:\/\/www.centroarbitragemlisboa.pt\/\">http:\/\/www.centroarbitragemlisboa.pt\/<\/a><\/p>\r\n<p>Zen Schlichtung von Verbraucherkonflikten von Vale do Ave\/Schiedsgericht<\/p>\r\n<p><a href=\"http:\/\/www.triave.pt\/\">http:\/\/www.triave.pt\/<\/a><\/p>\r\n<p>Ciab \u2013 Zentrum f\u00fcr Verbraucherinformation, Mediation und Schlichtung (Verbrauchsschiedsgericht)<\/p>\r\n<p><a href=\"http:\/\/www.ciab.pt\/pt\/\">http:\/\/www.ciab.pt\/pt\/<\/a><\/p>\r\n<p>Cicap \u2013 Verbraucherschlichtungsgericht<\/p>\r\n<p><a href=\"https:\/\/www.cicap.pt\/\">https:\/\/www.cicap.pt\/<\/a><\/p>\r\n<p>Endg\u00fcltige Verf\u00fcgungen<\/p>\r\n<ol start=\"38\">\r\n<li>Alle beim Zugriff auf den Online-Shop versandten elektronischen Nachrichten, einschlie\u00dflich E-Mails und Nachrichten \u00fcber einen Internetbrowser, gelten im Sinne des geltenden Rechts als Vertragserkl\u00e4rungen.<\/li>\r\n<li>Das UNTERNEHMEN kann dem Kunden Informationen \u00fcber neue Produkte, Werbeaktionen oder andere interessante Informationen f\u00fcr die Kunden des Online-Shops zusenden, wenn der Kunde den Newsletter abonniert hat.<\/li>\r\n<li>Bei Kommentaren oder Fragen wenden Sie sich bitte an unseren Kundendienst unter +351916278615 oder per E-Mail an <a href=\"mailto:info@azoresjerky.com\">info@azoresjerky.com<\/a>.<\/li>\r\n<\/ol>\r\n<p>[\/vc_column_text][\/vc_column][\/vc_row]<\/p>","protected":false},"excerpt":{"rendered":"<p>[vc_row][vc_column][vc_column_text] Allgemeine Bedingungen Gesch\u00e4ftsbedingungen Alle &#8222;Allgemeinen Gesch\u00e4ftsbedingungen&#8220; des Online-Shops.www.azoresjerky.com der Firma Seaterra Lda., mit Sitz in Rua Zona Industrial de St. Ant\u00f3nio, Picongel, Armaz\u00e9m C, 9940-203 S\u00e3o Roque do Pico, [&hellip;]<\/p>\n","protected":false},"author":1,"featured_media":0,"parent":0,"menu_order":0,"comment_status":"closed","ping_status":"closed","template":"","meta":[],"acf":[],"yoast_head":"<!-- This site is optimized with the Yoast SEO plugin v19.3 - https:\/\/yoast.com\/wordpress\/plugins\/seo\/ -->\n<title>Gesch\u00e4ftsbedingungen - Azores Jerky<\/title>\n<meta name=\"description\" content=\"Bitte lesen Sie unsere Allgemeinen Gesch\u00e4ftsbedingungen sorgf\u00e4ltig durch, bevor Sie unsere Website nutzen. Wir sind Azores Beef Jerky.\" \/>\n<meta name=\"robots\" content=\"index, follow, max-snippet:-1, max-image-preview:large, max-video-preview:-1\" \/>\n<link rel=\"canonical\" href=\"https:\/\/azoresjerky.com\/de\/geschaeftsbedingungen\/\" \/>\n<meta property=\"og:locale\" content=\"de_DE\" \/>\n<meta property=\"og:type\" content=\"article\" \/>\n<meta property=\"og:title\" content=\"Gesch\u00e4ftsbedingungen - Azores Jerky\" \/>\n<meta property=\"og:description\" content=\"Bitte lesen Sie unsere Allgemeinen Gesch\u00e4ftsbedingungen sorgf\u00e4ltig durch, bevor Sie unsere Website nutzen. Wir sind Azores Beef Jerky.\" \/>\n<meta property=\"og:url\" content=\"https:\/\/azoresjerky.com\/de\/geschaeftsbedingungen\/\" \/>\n<meta property=\"og:site_name\" content=\"Azores Jerky\" \/>\n<meta property=\"article:modified_time\" content=\"2022-09-27T16:20:21+00:00\" \/>\n<meta name=\"twitter:card\" content=\"summary_large_image\" \/>\n<meta name=\"twitter:label1\" content=\"Gesch\u00e4tzte Lesezeit\" \/>\n\t<meta name=\"twitter:data1\" content=\"8 Minuten\" \/>\n<script type=\"application\/ld+json\" class=\"yoast-schema-graph\">{\"@context\":\"https:\/\/schema.org\",\"@graph\":[{\"@type\":\"Organization\",\"@id\":\"https:\/\/azoresjerky.com\/#organization\",\"name\":\"Azores Jerky\",\"url\":\"https:\/\/azoresjerky.com\/\",\"sameAs\":[],\"logo\":{\"@type\":\"ImageObject\",\"inLanguage\":\"de-DE\",\"@id\":\"https:\/\/azoresjerky.com\/#\/schema\/logo\/image\/\",\"url\":\"https:\/\/azoresjerky.com\/wp-content\/uploads\/2021\/12\/logo.png\",\"contentUrl\":\"https:\/\/azoresjerky.com\/wp-content\/uploads\/2021\/12\/logo.png\",\"width\":1355,\"height\":1148,\"caption\":\"Azores Jerky\"},\"image\":{\"@id\":\"https:\/\/azoresjerky.com\/#\/schema\/logo\/image\/\"}},{\"@type\":\"WebSite\",\"@id\":\"https:\/\/azoresjerky.com\/#website\",\"url\":\"https:\/\/azoresjerky.com\/\",\"name\":\"Azores Jerky\",\"description\":\"Carne seca dos A\u00e7ores, S\u00e3o Roque do Pico - Pico\",\"publisher\":{\"@id\":\"https:\/\/azoresjerky.com\/#organization\"},\"potentialAction\":[{\"@type\":\"SearchAction\",\"target\":{\"@type\":\"EntryPoint\",\"urlTemplate\":\"https:\/\/azoresjerky.com\/?s={search_term_string}\"},\"query-input\":\"required name=search_term_string\"}],\"inLanguage\":\"de-DE\"},{\"@type\":\"WebPage\",\"@id\":\"https:\/\/azoresjerky.com\/de\/geschaeftsbedingungen\/\",\"url\":\"https:\/\/azoresjerky.com\/de\/geschaeftsbedingungen\/\",\"name\":\"Gesch\u00e4ftsbedingungen - Azores Jerky\",\"isPartOf\":{\"@id\":\"https:\/\/azoresjerky.com\/#website\"},\"datePublished\":\"2021-12-13T10:11:50+00:00\",\"dateModified\":\"2022-09-27T16:20:21+00:00\",\"description\":\"Bitte lesen Sie unsere Allgemeinen Gesch\u00e4ftsbedingungen sorgf\u00e4ltig durch, bevor Sie unsere Website nutzen. Wir sind Azores Beef Jerky.\",\"breadcrumb\":{\"@id\":\"https:\/\/azoresjerky.com\/de\/geschaeftsbedingungen\/#breadcrumb\"},\"inLanguage\":\"de-DE\",\"potentialAction\":[{\"@type\":\"ReadAction\",\"target\":[\"https:\/\/azoresjerky.com\/de\/geschaeftsbedingungen\/\"]}]},{\"@type\":\"BreadcrumbList\",\"@id\":\"https:\/\/azoresjerky.com\/de\/geschaeftsbedingungen\/#breadcrumb\",\"itemListElement\":[{\"@type\":\"ListItem\",\"position\":1,\"name\":\"In\u00edcio\",\"item\":\"https:\/\/azoresjerky.com\/de\/\"},{\"@type\":\"ListItem\",\"position\":2,\"name\":\"Gesch\u00e4ftsbedingungen\"}]}]}<\/script>\n<!-- \/ Yoast SEO plugin. -->","yoast_head_json":{"title":"Gesch\u00e4ftsbedingungen - Azores Jerky","description":"Bitte lesen Sie unsere Allgemeinen Gesch\u00e4ftsbedingungen sorgf\u00e4ltig durch, bevor Sie unsere Website nutzen. Wir sind Azores Beef Jerky.","robots":{"index":"index","follow":"follow","max-snippet":"max-snippet:-1","max-image-preview":"max-image-preview:large","max-video-preview":"max-video-preview:-1"},"canonical":"https:\/\/azoresjerky.com\/de\/geschaeftsbedingungen\/","og_locale":"de_DE","og_type":"article","og_title":"Gesch\u00e4ftsbedingungen - Azores Jerky","og_description":"Bitte lesen Sie unsere Allgemeinen Gesch\u00e4ftsbedingungen sorgf\u00e4ltig durch, bevor Sie unsere Website nutzen. Wir sind Azores Beef Jerky.","og_url":"https:\/\/azoresjerky.com\/de\/geschaeftsbedingungen\/","og_site_name":"Azores Jerky","article_modified_time":"2022-09-27T16:20:21+00:00","twitter_card":"summary_large_image","twitter_misc":{"Gesch\u00e4tzte Lesezeit":"8 Minuten"},"schema":{"@context":"https:\/\/schema.org","@graph":[{"@type":"Organization","@id":"https:\/\/azoresjerky.com\/#organization","name":"Azores Jerky","url":"https:\/\/azoresjerky.com\/","sameAs":[],"logo":{"@type":"ImageObject","inLanguage":"de-DE","@id":"https:\/\/azoresjerky.com\/#\/schema\/logo\/image\/","url":"https:\/\/azoresjerky.com\/wp-content\/uploads\/2021\/12\/logo.png","contentUrl":"https:\/\/azoresjerky.com\/wp-content\/uploads\/2021\/12\/logo.png","width":1355,"height":1148,"caption":"Azores Jerky"},"image":{"@id":"https:\/\/azoresjerky.com\/#\/schema\/logo\/image\/"}},{"@type":"WebSite","@id":"https:\/\/azoresjerky.com\/#website","url":"https:\/\/azoresjerky.com\/","name":"Azores Jerky","description":"Carne seca dos A\u00e7ores, S\u00e3o Roque do Pico - Pico","publisher":{"@id":"https:\/\/azoresjerky.com\/#organization"},"potentialAction":[{"@type":"SearchAction","target":{"@type":"EntryPoint","urlTemplate":"https:\/\/azoresjerky.com\/?s={search_term_string}"},"query-input":"required name=search_term_string"}],"inLanguage":"de-DE"},{"@type":"WebPage","@id":"https:\/\/azoresjerky.com\/de\/geschaeftsbedingungen\/","url":"https:\/\/azoresjerky.com\/de\/geschaeftsbedingungen\/","name":"Gesch\u00e4ftsbedingungen - Azores Jerky","isPartOf":{"@id":"https:\/\/azoresjerky.com\/#website"},"datePublished":"2021-12-13T10:11:50+00:00","dateModified":"2022-09-27T16:20:21+00:00","description":"Bitte lesen Sie unsere Allgemeinen Gesch\u00e4ftsbedingungen sorgf\u00e4ltig durch, bevor Sie unsere Website nutzen. Wir sind Azores Beef Jerky.","breadcrumb":{"@id":"https:\/\/azoresjerky.com\/de\/geschaeftsbedingungen\/#breadcrumb"},"inLanguage":"de-DE","potentialAction":[{"@type":"ReadAction","target":["https:\/\/azoresjerky.com\/de\/geschaeftsbedingungen\/"]}]},{"@type":"BreadcrumbList","@id":"https:\/\/azoresjerky.com\/de\/geschaeftsbedingungen\/#breadcrumb","itemListElement":[{"@type":"ListItem","position":1,"name":"In\u00edcio","item":"https:\/\/azoresjerky.com\/de\/"},{"@type":"ListItem","position":2,"name":"Gesch\u00e4ftsbedingungen"}]}]}},"_links":{"self":[{"href":"https:\/\/azoresjerky.com\/de\/wp-json\/wp\/v2\/pages\/5829"}],"collection":[{"href":"https:\/\/azoresjerky.com\/de\/wp-json\/wp\/v2\/pages"}],"about":[{"href":"https:\/\/azoresjerky.com\/de\/wp-json\/wp\/v2\/types\/page"}],"author":[{"embeddable":true,"href":"https:\/\/azoresjerky.com\/de\/wp-json\/wp\/v2\/users\/1"}],"replies":[{"embeddable":true,"href":"https:\/\/azoresjerky.com\/de\/wp-json\/wp\/v2\/comments?post=5829"}],"version-history":[{"count":5,"href":"https:\/\/azoresjerky.com\/de\/wp-json\/wp\/v2\/pages\/5829\/revisions"}],"predecessor-version":[{"id":6968,"href":"https:\/\/azoresjerky.com\/de\/wp-json\/wp\/v2\/pages\/5829\/revisions\/6968"}],"wp:attachment":[{"href":"https:\/\/azoresjerky.com\/de\/wp-json\/wp\/v2\/media?parent=5829"}],"curies":[{"name":"wp","href":"https:\/\/api.w.org\/{rel}","templated":true}]}}